{"id":112,"date":"2024-05-07T16:52:56","date_gmt":"2024-05-07T14:52:56","guid":{"rendered":"https:\/\/apeka.fr\/?page_id=112"},"modified":"2025-02-07T14:31:28","modified_gmt":"2025-02-07T13:31:28","slug":"politique-de-confidentialite","status":"publish","type":"page","link":"https:\/\/apeka.fr\/index.php\/politique-de-confidentialite\/","title":{"rendered":"Politique de confidentialit\u00e9"},"content":{"rendered":"\t\t<div data-elementor-type=\"wp-page\" data-elementor-id=\"112\" class=\"elementor elementor-112\">\n\t\t\t\t<div class=\"elementor-element elementor-element-511a16f e-flex e-con-boxed e-con e-parent\" data-id=\"511a16f\" data-element_type=\"container\">\n\t\t\t\t\t<div class=\"e-con-inner\">\n\t\t\t\t<div class=\"elementor-element elementor-element-827a526 elementor-widget elementor-widget-text-editor\" data-id=\"827a526\" data-element_type=\"widget\" data-widget_type=\"text-editor.default\">\n\t\t\t\t<div class=\"elementor-widget-container\">\n\t\t\t<style>\/*! elementor - v3.21.0 - 30-04-2024 *\/\n.elementor-widget-text-editor.elementor-drop-cap-view-stacked .elementor-drop-cap{background-color:#69727d;color:#fff}.elementor-widget-text-editor.elementor-drop-cap-view-framed .elementor-drop-cap{color:#69727d;border:3px solid;background-color:transparent}.elementor-widget-text-editor:not(.elementor-drop-cap-view-default) .elementor-drop-cap{margin-top:8px}.elementor-widget-text-editor:not(.elementor-drop-cap-view-default) .elementor-drop-cap-letter{width:1em;height:1em}.elementor-widget-text-editor .elementor-drop-cap{float:left;text-align:center;line-height:1;font-size:50px}.elementor-widget-text-editor .elementor-drop-cap-letter{display:inline-block}<\/style>\t\t\t\t<p class=\"s3\"><span class=\"s2\">Politique de Confidentialit\u00e9 &#8211; APEKA<\/span><\/p><p>Mise \u00e0 jour : 05\/02\/2025<\/p><p>APEKA (ci-apr\u00e8s \u00ab\u00a0APEKA\u00a0\u00bb) vous informe que les donn\u00e9es personnelles de nos clients seront trait\u00e9es conform\u00e9ment \u00e0 la l\u00e9gislation en vigueur sur la protection des donn\u00e9es personnelles, notamment :<\/p><p>&#8211; La Loi 29\/2021, du 28 octobre, qualifi\u00e9e sur la protection des donn\u00e9es personnelles de la Principaut\u00e9 d\u2019Andorre ;<br \/>&#8211; Le R\u00e8glement (UE) 2016\/679 du Parlement europ\u00e9en et du Conseil du 27 avril 2016 (RGPD).<\/p><p class=\"s5\"><span class=\"s4\">Responsable du Traitement<\/span><\/p><p>Responsable : APEKA<br \/>Adresse : Andorre-la-Vieille, Principaut\u00e9 d\u2019Andorre<br \/>NRT : 935056Y<br \/>E-mail : contact@apeka.fr<br \/>D\u00e9l\u00e9gu\u00e9e \u00e0 la Protection des Donn\u00e9es (DPO) : Carole Bonnemains<\/p><p class=\"s5\"><span class=\"s4\">Finalit\u00e9 du Traitement<\/span><\/p><p>Les informations que vous fournissez sont n\u00e9cessaires \u00e0 la gestion des services digitaux propos\u00e9s par APEKA, incluant la cr\u00e9ation de sites internet, le d\u00e9veloppement de logiciels, le r\u00e9f\u00e9rencement, la transformation digitale, la gestion de donn\u00e9es et la chefferie de projet. Elles sont \u00e9galement utilis\u00e9es pour : <br \/>&#8211; G\u00e9rer la relation commerciale et contractuelle ;<br \/>&#8211; Envoyer des communications li\u00e9es aux services ou produits souscrits ;<br \/>&#8211; Am\u00e9liorer nos services via des analyses statistiques anonymis\u00e9es.<\/p><p class=\"s5\"><span class=\"s4\">Cat\u00e9gories de Donn\u00e9es Personnelles<\/span><\/p><p>Les donn\u00e9es collect\u00e9es incluent : nom, pr\u00e9nom, adresse e-mail, num\u00e9ro de t\u00e9l\u00e9phone, donn\u00e9es de connexion (adresses IP, cookies), informations professionnelles et interactions sur nos plateformes.<\/p><p class=\"s5\"><span class=\"s4\">P\u00e9riode de Conservation des Donn\u00e9es<\/span><\/p><p>Les donn\u00e9es sont conserv\u00e9es pendant la dur\u00e9e n\u00e9cessaire \u00e0 la r\u00e9alisation des finalit\u00e9s pour lesquelles elles ont \u00e9t\u00e9 collect\u00e9es, et jusqu\u2019\u00e0 5 ans apr\u00e8s la fin de la relation contractuelle, sauf obligation l\u00e9gale contraire.<\/p><p class=\"s5\"><span class=\"s4\">L\u00e9gitimation du Traitement<\/span><\/p><p>Le traitement de vos donn\u00e9es repose sur :<br \/>&#8211; Votre consentement explicite pour les communications commerciales ;<br \/>&#8211; L\u2019ex\u00e9cution d\u2019un contrat pour les services souscrits ;<br \/>&#8211; Le respect des obligations l\u00e9gales en vigueur.<\/p><p class=\"s5\"><span class=\"s4\">Destinataires des Donn\u00e9es<\/span><\/p><p>Vos donn\u00e9es peuvent \u00eatre partag\u00e9es avec des sous-traitants techniques (h\u00e9bergement, CRM, outils analytiques) dans le cadre de l\u2019ex\u00e9cution des services, conform\u00e9ment \u00e0 des accords de confidentialit\u00e9 stricts.<\/p><p class=\"s5\"><span class=\"s4\">Droits des Personnes Concern\u00e9es<\/span><\/p><p>Conform\u00e9ment au RGPD et \u00e0 la loi 29\/2021 d\u2019Andorre, vous disposez des droits suivants :<br \/>&#8211; Droit d\u2019acc\u00e8s, de rectification, de suppression et de portabilit\u00e9 des donn\u00e9es ;<br \/>&#8211; Droit de limitation et d\u2019opposition au traitement ;<br \/>&#8211; Droit de retrait du consentement \u00e0 tout moment.<br \/>Vous pouvez exercer ces droits en contactant notre DPO \u00e0 l\u2019adresse : contact@apeka.fr.<\/p><p class=\"s5\"><span class=\"s4\">Transfert International de Donn\u00e9es<\/span><\/p><p>APEKA peut transf\u00e9rer des donn\u00e9es en dehors de l\u2019UE, notamment \u00e0 des prestataires situ\u00e9s dans des pays assurant un niveau de protection ad\u00e9quat, conform\u00e9ment aux clauses contractuelles types de la Commission europ\u00e9enne.<\/p><p class=\"s5\"><span class=\"s4\">Mesures de S\u00e9curit\u00e9<\/span><\/p><p>Nous appliquons des mesures de s\u00e9curit\u00e9 techniques et organisationnelles telles que le chiffrement des donn\u00e9es, des syst\u00e8mes d\u2019authentification renforc\u00e9e, des pare-feu de protection, ainsi que des protocoles de sauvegarde r\u00e9guliers pour garantir la confidentialit\u00e9, l\u2019int\u00e9grit\u00e9 et la disponibilit\u00e9 des donn\u00e9es.<\/p><p class=\"s5\"><span class=\"s4\">Politique de Cookies<\/span><\/p><p>Pour plus d\u2019informations sur l\u2019utilisation des cookies, veuillez consulter notre politique de gestion des cookies disponible sur notre site web.<\/p>\t\t\t\t\t\t<\/div>\n\t\t\t\t<\/div>\n\t\t\t\t\t<\/div>\n\t\t\t\t<\/div>\n\t\t\t\t<\/div>\n\t\t","protected":false},"excerpt":{"rendered":"<p>Politique de Confidentialit\u00e9 &#8211; APEKA Mise \u00e0 jour : 05\/02\/2025 APEKA (ci-apr\u00e8s \u00ab\u00a0APEKA\u00a0\u00bb) vous informe que les donn\u00e9es personnelles de nos clients seront trait\u00e9es conform\u00e9ment \u00e0 la l\u00e9gislation en vigueur sur la protection des donn\u00e9es personnelles, notamment : &#8211; La Loi 29\/2021, du 28 octobre, qualifi\u00e9e sur la protection des donn\u00e9es personnelles de la Principaut\u00e9 [&hellip;]<\/p>\n","protected":false},"author":1,"featured_media":0,"parent":0,"menu_order":0,"comment_status":"closed","ping_status":"closed","template":"","meta":{"footnotes":""},"class_list":["post-112","page","type-page","status-publish","hentry"],"aioseo_notices":[],"_links":{"self":[{"href":"https:\/\/apeka.fr\/index.php\/wp-json\/wp\/v2\/pages\/112","targetHints":{"allow":["GET"]}}],"collection":[{"href":"https:\/\/apeka.fr\/index.php\/wp-json\/wp\/v2\/pages"}],"about":[{"href":"https:\/\/apeka.fr\/index.php\/wp-json\/wp\/v2\/types\/page"}],"author":[{"embeddable":true,"href":"https:\/\/apeka.fr\/index.php\/wp-json\/wp\/v2\/users\/1"}],"replies":[{"embeddable":true,"href":"https:\/\/apeka.fr\/index.php\/wp-json\/wp\/v2\/comments?post=112"}],"version-history":[{"count":4,"href":"https:\/\/apeka.fr\/index.php\/wp-json\/wp\/v2\/pages\/112\/revisions"}],"predecessor-version":[{"id":446,"href":"https:\/\/apeka.fr\/index.php\/wp-json\/wp\/v2\/pages\/112\/revisions\/446"}],"wp:attachment":[{"href":"https:\/\/apeka.fr\/index.php\/wp-json\/wp\/v2\/media?parent=112"}],"curies":[{"name":"wp","href":"https:\/\/api.w.org\/{rel}","templated":true}]}}